{"id":7,"date":"2025-04-25T08:21:00","date_gmt":"2025-04-25T08:21:00","guid":{"rendered":"https:\/\/agathe-huart.icca-reims.fr\/?page_id=7"},"modified":"2025-05-23T08:08:15","modified_gmt":"2025-05-23T08:08:15","slug":"accueil","status":"publish","type":"page","link":"https:\/\/agathe-huart.icca-reims.fr\/","title":{"rendered":"Accueil"},"content":{"rendered":"\t\t<div data-elementor-type=\"wp-page\" data-elementor-id=\"7\" class=\"elementor elementor-7\" data-elementor-post-type=\"page\">\n\t\t\t\t<div class=\"elementor-element elementor-element-79c1693 e-flex e-con-boxed e-con e-parent\" data-id=\"79c1693\" data-element_type=\"container\">\n\t\t\t\t\t<div class=\"e-con-inner\">\n\t\t\t\t<div class=\"elementor-element elementor-element-4505c13 elementor-invisible elementor-widget elementor-widget-image\" data-id=\"4505c13\" data-element_type=\"widget\" data-settings=\"{&quot;motion_fx_motion_fx_mouse&quot;:&quot;yes&quot;,&quot;motion_fx_mouseTrack_effect&quot;:&quot;yes&quot;,&quot;motion_fx_mouseTrack_direction&quot;:&quot;negative&quot;,&quot;motion_fx_mouseTrack_speed&quot;:{&quot;unit&quot;:&quot;px&quot;,&quot;size&quot;:2,&quot;sizes&quot;:[]},&quot;_animation&quot;:&quot;fadeInDown&quot;}\" data-widget_type=\"image.default\">\n\t\t\t\t<div class=\"elementor-widget-container\">\n\t\t\t\t\t\t\t\t\t\t\t\t\t\t\t<img decoding=\"async\" width=\"307\" height=\"59\" src=\"https:\/\/agathe-huart.icca-reims.fr\/wp-content\/uploads\/Fichier-31.svg\" class=\"attachment-large size-large wp-image-89\" alt=\"\" \/>\t\t\t\t\t\t\t\t\t\t\t\t\t\t\t<\/div>\n\t\t\t\t<\/div>\n\t\t\t\t<div class=\"elementor-element elementor-element-9062c22 elementor-headline--style-highlight elementor-widget elementor-widget-animated-headline\" data-id=\"9062c22\" data-element_type=\"widget\" data-settings=\"{&quot;highlighted_text&quot;:&quot;BRANDING&quot;,&quot;headline_style&quot;:&quot;highlight&quot;,&quot;marker&quot;:&quot;circle&quot;,&quot;loop&quot;:&quot;yes&quot;,&quot;highlight_animation_duration&quot;:1200,&quot;highlight_iteration_delay&quot;:8000}\" data-widget_type=\"animated-headline.default\">\n\t\t\t\t<div class=\"elementor-widget-container\">\n\t\t\t\t\t\t\t<h1 class=\"elementor-headline\">\n\t\t\t\t<span class=\"elementor-headline-dynamic-wrapper elementor-headline-text-wrapper\">\n\t\t\t\t\t<span class=\"elementor-headline-dynamic-text elementor-headline-text-active\">BRANDING<\/span>\n\t\t\t\t<\/span>\n\t\t\t\t<\/h1>\n\t\t\t\t\t\t<\/div>\n\t\t\t\t<\/div>\n\t\t\t\t\t<\/div>\n\t\t\t\t<\/div>\n\t\t<div class=\"elementor-element elementor-element-70430b3 e-con-full e-flex e-con e-parent\" data-id=\"70430b3\" data-element_type=\"container\" data-settings=\"{&quot;background_background&quot;:&quot;slideshow&quot;,&quot;background_slideshow_gallery&quot;:[{&quot;id&quot;:81,&quot;url&quot;:&quot;https:\\\/\\\/agathe-huart.icca-reims.fr\\\/wp-content\\\/uploads\\\/2.jpg&quot;}],&quot;background_slideshow_loop&quot;:&quot;yes&quot;,&quot;background_slideshow_slide_duration&quot;:5000,&quot;background_slideshow_slide_transition&quot;:&quot;fade&quot;,&quot;background_slideshow_transition_duration&quot;:500}\">\n\t\t<div class=\"elementor-element elementor-element-b503a09 e-con-full e-flex e-con e-child\" data-id=\"b503a09\" data-element_type=\"container\" data-settings=\"{&quot;background_background&quot;:&quot;classic&quot;}\">\n\t\t\t\t<div class=\"elementor-element elementor-element-7327e83 elementor-widget elementor-widget-image\" data-id=\"7327e83\" data-element_type=\"widget\" data-widget_type=\"image.default\">\n\t\t\t\t<div class=\"elementor-widget-container\">\n\t\t\t\t\t\t\t\t\t\t\t\t\t\t\t<img fetchpriority=\"high\" decoding=\"async\" width=\"800\" height=\"1006\" src=\"https:\/\/agathe-huart.icca-reims.fr\/wp-content\/uploads\/LOGO-QUARTIER-COULEURS-03-814x1024.png\" class=\"attachment-large size-large wp-image-127\" alt=\"\" srcset=\"https:\/\/agathe-huart.icca-reims.fr\/wp-content\/uploads\/LOGO-QUARTIER-COULEURS-03-814x1024.png 814w, https:\/\/agathe-huart.icca-reims.fr\/wp-content\/uploads\/LOGO-QUARTIER-COULEURS-03-239x300.png 239w, https:\/\/agathe-huart.icca-reims.fr\/wp-content\/uploads\/LOGO-QUARTIER-COULEURS-03-768x966.png 768w, https:\/\/agathe-huart.icca-reims.fr\/wp-content\/uploads\/LOGO-QUARTIER-COULEURS-03-1221x1536.png 1221w, https:\/\/agathe-huart.icca-reims.fr\/wp-content\/uploads\/LOGO-QUARTIER-COULEURS-03-1628x2048.png 1628w, https:\/\/agathe-huart.icca-reims.fr\/wp-content\/uploads\/LOGO-QUARTIER-COULEURS-03-scaled.png 2035w\" sizes=\"(max-width: 800px) 100vw, 800px\" \/>\t\t\t\t\t\t\t\t\t\t\t\t\t\t\t<\/div>\n\t\t\t\t<\/div>\n\t\t\t\t<\/div>\n\t\t\t\t<\/div>\n\t\t<div class=\"elementor-element elementor-element-26113f3 e-flex e-con-boxed e-con e-parent\" data-id=\"26113f3\" data-element_type=\"container\">\n\t\t\t\t\t<div class=\"e-con-inner\">\n\t\t\t\t<div class=\"elementor-element elementor-element-389f5a6 elementor-headline--style-highlight elementor-widget elementor-widget-animated-headline\" data-id=\"389f5a6\" data-element_type=\"widget\" data-settings=\"{&quot;marker&quot;:&quot;underline_zigzag&quot;,&quot;highlighted_text&quot;:&quot;apr\\u00e8s&quot;,&quot;headline_style&quot;:&quot;highlight&quot;,&quot;loop&quot;:&quot;yes&quot;,&quot;highlight_animation_duration&quot;:1200,&quot;highlight_iteration_delay&quot;:8000}\" data-widget_type=\"animated-headline.default\">\n\t\t\t\t<div class=\"elementor-widget-container\">\n\t\t\t\t\t\t\t<h3 class=\"elementor-headline\">\n\t\t\t\t\t<span class=\"elementor-headline-plain-text elementor-headline-text-wrapper\">avant \/<\/span>\n\t\t\t\t<span class=\"elementor-headline-dynamic-wrapper elementor-headline-text-wrapper\">\n\t\t\t\t\t<span class=\"elementor-headline-dynamic-text elementor-headline-text-active\">apr\u00e8s<\/span>\n\t\t\t\t<\/span>\n\t\t\t\t<\/h3>\n\t\t\t\t\t\t<\/div>\n\t\t\t\t<\/div>\n\t\t\t\t\t<\/div>\n\t\t\t\t<\/div>\n\t\t<div class=\"elementor-element elementor-element-4b78ccd e-grid e-con-boxed e-con e-parent\" data-id=\"4b78ccd\" data-element_type=\"container\">\n\t\t\t\t\t<div class=\"e-con-inner\">\n\t\t<div class=\"elementor-element elementor-element-218b31f e-con-full e-flex e-con e-child\" data-id=\"218b31f\" data-element_type=\"container\">\n\t\t\t\t<div class=\"elementor-element elementor-element-eec7b3c elementor-widget elementor-widget-xpro-before-after\" data-id=\"eec7b3c\" data-element_type=\"widget\" data-settings=\"{&quot;orientation&quot;:&quot;horizontal&quot;,&quot;wiggle&quot;:&quot;yes&quot;,&quot;wiggle_timeout&quot;:{&quot;unit&quot;:&quot;px&quot;,&quot;size&quot;:1.5,&quot;sizes&quot;:[]},&quot;visible_ratio&quot;:{&quot;unit&quot;:&quot;px&quot;,&quot;size&quot;:50,&quot;sizes&quot;:[]}}\" data-widget_type=\"xpro-before-after.default\">\n\t\t\t\t<div class=\"elementor-widget-container\">\n\t\t\t\t\t<!--Compare Wrapper-->\r\n<div class=\"xpro-compare-wrapper xpro-compare-handle-show-always xpro-compare-label-show-always\">\r\n\t<!-- Compare Item -->\r\n\t<div class=\"xpro-compare-item\">\r\n\t\t<img decoding=\"async\" width=\"800\" height=\"666\" src=\"https:\/\/agathe-huart.icca-reims.fr\/wp-content\/uploads\/avant-SR-TRAVAIL.jpg\" class=\"attachment-large size-large\" alt=\"\" srcset=\"https:\/\/agathe-huart.icca-reims.fr\/wp-content\/uploads\/avant-SR-TRAVAIL.jpg 1000w, https:\/\/agathe-huart.icca-reims.fr\/wp-content\/uploads\/avant-SR-TRAVAIL-300x250.jpg 300w, https:\/\/agathe-huart.icca-reims.fr\/wp-content\/uploads\/avant-SR-TRAVAIL-768x640.jpg 768w\" sizes=\"(max-width: 800px) 100vw, 800px\" \/><img loading=\"lazy\" decoding=\"async\" width=\"800\" height=\"666\" src=\"https:\/\/agathe-huart.icca-reims.fr\/wp-content\/uploads\/SR-TRAVAIL.jpg\" class=\"attachment-large size-large\" alt=\"\" srcset=\"https:\/\/agathe-huart.icca-reims.fr\/wp-content\/uploads\/SR-TRAVAIL.jpg 1000w, https:\/\/agathe-huart.icca-reims.fr\/wp-content\/uploads\/SR-TRAVAIL-300x250.jpg 300w, https:\/\/agathe-huart.icca-reims.fr\/wp-content\/uploads\/SR-TRAVAIL-768x640.jpg 768w\" sizes=\"(max-width: 800px) 100vw, 800px\" \/>\t\t<!--Label-->\r\n\t\t<div class=\"xpro-compare-overlay\">\r\n\t\t\t\t\t\t\t<div class=\"xpro-compare-before-label\">Avant<\/div>\r\n\t\t\t\t\t\t\t\t\t\t<div class=\"xpro-compare-after-label\">Apr\u00e8s<\/div>\r\n\t\t\t\t\t<\/div>\r\n\r\n\t<\/div>\r\n<\/div>\r\n\t\t\t\t<\/div>\n\t\t\t\t<\/div>\n\t\t\t\t<\/div>\n\t\t<div class=\"elementor-element elementor-element-e0adcaa e-con-full e-flex e-con e-child\" data-id=\"e0adcaa\" data-element_type=\"container\">\n\t\t\t\t<div class=\"elementor-element elementor-element-2c6b2ff elementor-widget elementor-widget-xpro-before-after\" data-id=\"2c6b2ff\" data-element_type=\"widget\" data-settings=\"{&quot;orientation&quot;:&quot;horizontal&quot;,&quot;wiggle&quot;:&quot;yes&quot;,&quot;wiggle_timeout&quot;:{&quot;unit&quot;:&quot;px&quot;,&quot;size&quot;:1.5,&quot;sizes&quot;:[]},&quot;visible_ratio&quot;:{&quot;unit&quot;:&quot;px&quot;,&quot;size&quot;:50,&quot;sizes&quot;:[]}}\" data-widget_type=\"xpro-before-after.default\">\n\t\t\t\t<div class=\"elementor-widget-container\">\n\t\t\t\t\t<!--Compare Wrapper-->\r\n<div class=\"xpro-compare-wrapper xpro-compare-handle-show-always xpro-compare-label-show-always\">\r\n\t<!-- Compare Item -->\r\n\t<div class=\"xpro-compare-item\">\r\n\t\t<img loading=\"lazy\" decoding=\"async\" width=\"800\" height=\"666\" src=\"https:\/\/agathe-huart.icca-reims.fr\/wp-content\/uploads\/comite-local-1.jpg\" class=\"attachment-large size-large\" alt=\"\" srcset=\"https:\/\/agathe-huart.icca-reims.fr\/wp-content\/uploads\/comite-local-1.jpg 1000w, https:\/\/agathe-huart.icca-reims.fr\/wp-content\/uploads\/comite-local-1-300x250.jpg 300w, https:\/\/agathe-huart.icca-reims.fr\/wp-content\/uploads\/comite-local-1-768x640.jpg 768w\" sizes=\"(max-width: 800px) 100vw, 800px\" \/><img loading=\"lazy\" decoding=\"async\" width=\"800\" height=\"666\" src=\"https:\/\/agathe-huart.icca-reims.fr\/wp-content\/uploads\/comite-local-2.jpg\" class=\"attachment-large size-large\" alt=\"\" srcset=\"https:\/\/agathe-huart.icca-reims.fr\/wp-content\/uploads\/comite-local-2.jpg 1000w, https:\/\/agathe-huart.icca-reims.fr\/wp-content\/uploads\/comite-local-2-300x250.jpg 300w, https:\/\/agathe-huart.icca-reims.fr\/wp-content\/uploads\/comite-local-2-768x640.jpg 768w\" sizes=\"(max-width: 800px) 100vw, 800px\" \/>\t\t<!--Label-->\r\n\t\t<div class=\"xpro-compare-overlay\">\r\n\t\t\t\t\t\t\t<div class=\"xpro-compare-before-label\">avant<\/div>\r\n\t\t\t\t\t\t\t\t\t\t<div class=\"xpro-compare-after-label\">apr\u00e8s<\/div>\r\n\t\t\t\t\t<\/div>\r\n\r\n\t<\/div>\r\n<\/div>\r\n\t\t\t\t<\/div>\n\t\t\t\t<\/div>\n\t\t\t\t<\/div>\n\t\t\t\t\t<\/div>\n\t\t\t\t<\/div>\n\t\t<div class=\"elementor-element elementor-element-0f04f34 e-flex e-con-boxed e-con e-parent\" data-id=\"0f04f34\" data-element_type=\"container\">\n\t\t\t\t\t<div class=\"e-con-inner\">\n\t\t\t\t<div class=\"elementor-element elementor-element-a29ce12 elementor-headline--style-highlight elementor-widget elementor-widget-animated-headline\" data-id=\"a29ce12\" data-element_type=\"widget\" data-settings=\"{&quot;marker&quot;:&quot;curly&quot;,&quot;highlighted_text&quot;:&quot;Vid\\u00e9o&quot;,&quot;headline_style&quot;:&quot;highlight&quot;,&quot;loop&quot;:&quot;yes&quot;,&quot;highlight_animation_duration&quot;:1200,&quot;highlight_iteration_delay&quot;:8000}\" data-widget_type=\"animated-headline.default\">\n\t\t\t\t<div class=\"elementor-widget-container\">\n\t\t\t\t\t\t\t<h3 class=\"elementor-headline\">\n\t\t\t\t<span class=\"elementor-headline-dynamic-wrapper elementor-headline-text-wrapper\">\n\t\t\t\t\t<span class=\"elementor-headline-dynamic-text elementor-headline-text-active\">Vid\u00e9o<\/span>\n\t\t\t\t<\/span>\n\t\t\t\t<\/h3>\n\t\t\t\t\t\t<\/div>\n\t\t\t\t<\/div>\n\t\t\t\t\t<\/div>\n\t\t\t\t<\/div>\n\t\t<div class=\"elementor-element elementor-element-07c0cda e-flex e-con-boxed e-con e-parent\" data-id=\"07c0cda\" data-element_type=\"container\">\n\t\t\t\t\t<div class=\"e-con-inner\">\n\t\t\t\t<div class=\"elementor-element elementor-element-7765a51 elementor-widget elementor-widget-video\" data-id=\"7765a51\" data-element_type=\"widget\" data-settings=\"{&quot;youtube_url&quot;:&quot;https:\\\/\\\/youtu.be\\\/I94Igl63Kcs&quot;,&quot;video_type&quot;:&quot;youtube&quot;,&quot;controls&quot;:&quot;yes&quot;}\" data-widget_type=\"video.default\">\n\t\t\t\t<div class=\"elementor-widget-container\">\n\t\t\t\t\t\t\t<div class=\"elementor-wrapper elementor-open-inline\">\n\t\t\t<div class=\"elementor-video\"><\/div>\t\t<\/div>\n\t\t\t\t\t\t<\/div>\n\t\t\t\t<\/div>\n\t\t\t\t\t<\/div>\n\t\t\t\t<\/div>\n\t\t\t\t<\/div>\n\t\t","protected":false},"excerpt":{"rendered":"<p>BRANDING avant \/ apr\u00e8s Avant Apr\u00e8s avant apr\u00e8s Vid\u00e9o<\/p>\n","protected":false},"author":1,"featured_media":0,"parent":0,"menu_order":0,"comment_status":"closed","ping_status":"closed","template":"","meta":{"footnotes":""},"folder":[],"class_list":["post-7","page","type-page","status-publish","hentry"],"_links":{"self":[{"href":"https:\/\/agathe-huart.icca-reims.fr\/index.php?rest_route=\/wp\/v2\/pages\/7","targetHints":{"allow":["GET"]}}],"collection":[{"href":"https:\/\/agathe-huart.icca-reims.fr\/index.php?rest_route=\/wp\/v2\/pages"}],"about":[{"href":"https:\/\/agathe-huart.icca-reims.fr\/index.php?rest_route=\/wp\/v2\/types\/page"}],"author":[{"embeddable":true,"href":"https:\/\/agathe-huart.icca-reims.fr\/index.php?rest_route=\/wp\/v2\/users\/1"}],"replies":[{"embeddable":true,"href":"https:\/\/agathe-huart.icca-reims.fr\/index.php?rest_route=%2Fwp%2Fv2%2Fcomments&post=7"}],"version-history":[{"count":64,"href":"https:\/\/agathe-huart.icca-reims.fr\/index.php?rest_route=\/wp\/v2\/pages\/7\/revisions"}],"predecessor-version":[{"id":154,"href":"https:\/\/agathe-huart.icca-reims.fr\/index.php?rest_route=\/wp\/v2\/pages\/7\/revisions\/154"}],"wp:attachment":[{"href":"https:\/\/agathe-huart.icca-reims.fr\/index.php?rest_route=%2Fwp%2Fv2%2Fmedia&parent=7"}],"wp:term":[{"taxonomy":"folder","embeddable":true,"href":"https:\/\/agathe-huart.icca-reims.fr\/index.php?rest_route=%2Fwp%2Fv2%2Ffolder&post=7"}],"curies":[{"name":"wp","href":"https:\/\/api.w.org\/{rel}","templated":true}]}}