{"id":34,"date":"2025-05-09T07:54:45","date_gmt":"2025-05-09T07:54:45","guid":{"rendered":"https:\/\/agathe-huart.icca-reims.fr\/?page_id=34"},"modified":"2025-06-13T11:59:13","modified_gmt":"2025-06-13T11:59:13","slug":"video","status":"publish","type":"page","link":"https:\/\/agathe-huart.icca-reims.fr\/?page_id=34","title":{"rendered":"Vid\u00e9o"},"content":{"rendered":"\t\t<div data-elementor-type=\"wp-page\" data-elementor-id=\"34\" class=\"elementor elementor-34\" data-elementor-post-type=\"page\">\n\t\t\t\t<div class=\"elementor-element elementor-element-9eb1882 e-flex e-con-boxed e-con e-parent\" data-id=\"9eb1882\" data-element_type=\"container\" data-settings=\"{&quot;background_background&quot;:&quot;classic&quot;}\">\n\t\t\t\t\t<div class=\"e-con-inner\">\n\t\t\t\t<div class=\"elementor-element elementor-element-a5e7989 elementor-widget elementor-widget-heading\" data-id=\"a5e7989\" data-element_type=\"widget\" data-widget_type=\"heading.default\">\n\t\t\t\t<div class=\"elementor-widget-container\">\n\t\t\t\t\t<h2 class=\"elementor-heading-title elementor-size-default\">#8MARS<\/h2>\t\t\t\t<\/div>\n\t\t\t\t<\/div>\n\t\t\t\t<div class=\"elementor-element elementor-element-8287ded elementor-widget elementor-widget-text-editor\" data-id=\"8287ded\" data-element_type=\"widget\" data-widget_type=\"text-editor.default\">\n\t\t\t\t<div class=\"elementor-widget-container\">\n\t\t\t\t\t\t\t\t\t<p data-start=\"127\" data-end=\"201\"><strong data-start=\"127\" data-end=\"201\">Journ\u00e9e internationale des droits des femmes \u2014 Pr\u00e9fecture des Ardennes<\/strong><\/p><p data-start=\"203\" data-end=\"546\">\u00c0 l\u2019occasion de la Journ\u00e9e internationale des droits des femmes, la pr\u00e9fecture des Ardennes a souhait\u00e9 mettre en lumi\u00e8re l\u2019engagement quotidien des actrices locales \u0153uvrant pour l\u2019\u00e9galit\u00e9. Sant\u00e9, emploi, \u00e9ducation, acc\u00e8s aux droits ou s\u00e9curit\u00e9 : chaque jour, des femmes dirigeantes font progresser les droits des femmes dans tous les domaines.<\/p><p data-start=\"548\" data-end=\"876\">L\u2019objectif de cette campagne \u00e9tait double : informer les Ardennaises sur les dispositifs concrets \u00e0 leur disposition, tout en donnant un visage humain aux politiques publiques. Pour cela, nous sommes all\u00e9s \u00e0 la rencontre de sept femmes remarquables dont les actions ont un impact direct sur la vie des citoyennes du d\u00e9partement.<\/p><p data-start=\"878\" data-end=\"1215\">\u00c0 travers cette initiative, nous avons voulu : <strong>valoriser<\/strong> les parcours de celles qui agissent sur le terrain, faire conna\u00eetre les dispositifs existants, <strong>renforcer<\/strong> le lien entre les institutions et les habitantes, et <strong>moderniser<\/strong> l\u2019image de l\u2019action publique en adoptant des formats num\u00e9riques plus accessibles et engageants.<\/p>\t\t\t\t\t\t\t\t<\/div>\n\t\t\t\t<\/div>\n\t\t\t\t\t<\/div>\n\t\t\t\t<\/div>\n\t\t<div class=\"elementor-element elementor-element-2b6019a e-flex e-con-boxed e-con e-parent\" data-id=\"2b6019a\" data-element_type=\"container\">\n\t\t\t\t\t<div class=\"e-con-inner\">\n\t\t\t\t<div class=\"elementor-element elementor-element-b64181e elementor-skin-carousel elementor-arrows-yes elementor-pagination-type-bullets elementor-pagination-position-outside elementor-widget elementor-widget-media-carousel\" data-id=\"b64181e\" data-element_type=\"widget\" data-settings=\"{&quot;skin&quot;:&quot;carousel&quot;,&quot;effect&quot;:&quot;slide&quot;,&quot;show_arrows&quot;:&quot;yes&quot;,&quot;pagination&quot;:&quot;bullets&quot;,&quot;speed&quot;:500,&quot;autoplay&quot;:&quot;yes&quot;,&quot;autoplay_speed&quot;:5000,&quot;loop&quot;:&quot;yes&quot;,&quot;pause_on_hover&quot;:&quot;yes&quot;,&quot;pause_on_interaction&quot;:&quot;yes&quot;,&quot;space_between&quot;:{&quot;unit&quot;:&quot;px&quot;,&quot;size&quot;:10,&quot;sizes&quot;:[]},&quot;space_between_tablet&quot;:{&quot;unit&quot;:&quot;px&quot;,&quot;size&quot;:10,&quot;sizes&quot;:[]},&quot;space_between_mobile&quot;:{&quot;unit&quot;:&quot;px&quot;,&quot;size&quot;:10,&quot;sizes&quot;:[]}}\" data-widget_type=\"media-carousel.default\">\n\t\t\t\t<div class=\"elementor-widget-container\">\n\t\t\t\t\t\t\t\t\t<div class=\"elementor-swiper\">\n\t\t\t\t\t<div class=\"elementor-main-swiper swiper\" role=\"region\" aria-roledescription=\"carousel\" aria-label=\"Diapositives\">\n\t\t\t\t<div class=\"swiper-wrapper\">\n\t\t\t\t\t\t\t\t\t\t\t<div class=\"swiper-slide\" role=\"group\" aria-roledescription=\"slide\">\n\t\t\t\t\t\t\t<a href=\"https:\/\/agathe-huart.icca-reims.fr\/wp-content\/uploads\/femme-et-le-droit.jpg\" data-elementor-open-lightbox=\"yes\" data-elementor-lightbox-slideshow=\"b64181e\" data-elementor-lightbox-title=\"femme-et-le-droit\" data-e-action-hash=\"#elementor-action%3Aaction%3Dlightbox%26settings%3DeyJpZCI6NDg0LCJ1cmwiOiJodHRwczpcL1wvYWdhdGhlLWh1YXJ0LmljY2EtcmVpbXMuZnJcL3dwLWNvbnRlbnRcL3VwbG9hZHNcL2ZlbW1lLWV0LWxlLWRyb2l0LmpwZyIsInNsaWRlc2hvdyI6ImI2NDE4MWUifQ%3D%3D\" data-elementor-lightbox-video=\"https:\/\/www.youtube.com\/embed\/rdKSEzUHSPs?feature=oembed&amp;autoplay=1&amp;rel=0&amp;controls=0\">\t\t<div class=\"elementor-carousel-image\" role=\"img\" aria-label=\"femme-et-le-droit\" style=\"background-image: url(&#039;https:\/\/agathe-huart.icca-reims.fr\/wp-content\/uploads\/femme-et-le-droit.jpg&#039;)\">\n\n\t\t\t\n\t\t\t\t\t\t\t<div class=\"elementor-custom-embed-play\">\n\t\t\t\t\t<svg aria-hidden=\"true\" class=\"e-font-icon-svg e-eicon-play\" viewBox=\"0 0 1000 1000\" xmlns=\"http:\/\/www.w3.org\/2000\/svg\"><path d=\"M838 162C746 71 633 25 500 25 371 25 258 71 163 162 71 254 25 367 25 500 25 633 71 746 163 837 254 929 367 979 500 979 633 979 746 933 838 837 929 746 975 633 975 500 975 367 929 254 838 162M808 192C892 279 933 379 933 500 933 621 892 725 808 808 725 892 621 938 500 938 379 938 279 896 196 808 113 725 67 621 67 500 67 379 108 279 196 192 279 108 383 62 500 62 621 62 721 108 808 192M438 392V642L642 517 438 392Z\"><\/path><\/svg>\t\t\t\t\t<span class=\"elementor-screen-only\">Lire<\/span>\n\t\t\t\t<\/div>\n\t\t\t\t\t<\/div>\n\t\t<\/a>\t\t\t\t\t\t<\/div>\n\t\t\t\t\t\t\t\t\t\t\t<div class=\"swiper-slide\" role=\"group\" aria-roledescription=\"slide\">\n\t\t\t\t\t\t\t<a href=\"https:\/\/agathe-huart.icca-reims.fr\/wp-content\/uploads\/femme-emploi.jpg\" data-elementor-open-lightbox=\"yes\" data-elementor-lightbox-slideshow=\"b64181e\" data-elementor-lightbox-title=\"femme-emploi\" data-e-action-hash=\"#elementor-action%3Aaction%3Dlightbox%26settings%3DeyJpZCI6NDgxLCJ1cmwiOiJodHRwczpcL1wvYWdhdGhlLWh1YXJ0LmljY2EtcmVpbXMuZnJcL3dwLWNvbnRlbnRcL3VwbG9hZHNcL2ZlbW1lLWVtcGxvaS5qcGciLCJzbGlkZXNob3ciOiJiNjQxODFlIn0%3D\" data-elementor-lightbox-video=\"https:\/\/www.youtube.com\/embed\/zsNHm1RIeTE?feature=oembed&amp;autoplay=1&amp;rel=0&amp;controls=0\">\t\t<div class=\"elementor-carousel-image\" role=\"img\" aria-label=\"femme-emploi\" style=\"background-image: url(&#039;https:\/\/agathe-huart.icca-reims.fr\/wp-content\/uploads\/femme-emploi.jpg&#039;)\">\n\n\t\t\t\n\t\t\t\t\t\t\t<div class=\"elementor-custom-embed-play\">\n\t\t\t\t\t<svg aria-hidden=\"true\" class=\"e-font-icon-svg e-eicon-play\" viewBox=\"0 0 1000 1000\" xmlns=\"http:\/\/www.w3.org\/2000\/svg\"><path d=\"M838 162C746 71 633 25 500 25 371 25 258 71 163 162 71 254 25 367 25 500 25 633 71 746 163 837 254 929 367 979 500 979 633 979 746 933 838 837 929 746 975 633 975 500 975 367 929 254 838 162M808 192C892 279 933 379 933 500 933 621 892 725 808 808 725 892 621 938 500 938 379 938 279 896 196 808 113 725 67 621 67 500 67 379 108 279 196 192 279 108 383 62 500 62 621 62 721 108 808 192M438 392V642L642 517 438 392Z\"><\/path><\/svg>\t\t\t\t\t<span class=\"elementor-screen-only\">Lire<\/span>\n\t\t\t\t<\/div>\n\t\t\t\t\t<\/div>\n\t\t<\/a>\t\t\t\t\t\t<\/div>\n\t\t\t\t\t\t\t\t\t\t\t<div class=\"swiper-slide\" role=\"group\" aria-roledescription=\"slide\">\n\t\t\t\t\t\t\t<a href=\"https:\/\/agathe-huart.icca-reims.fr\/wp-content\/uploads\/educnat.jpg\" data-elementor-open-lightbox=\"yes\" data-elementor-lightbox-slideshow=\"b64181e\" data-elementor-lightbox-title=\"educnat\" data-e-action-hash=\"#elementor-action%3Aaction%3Dlightbox%26settings%3DeyJpZCI6NDgyLCJ1cmwiOiJodHRwczpcL1wvYWdhdGhlLWh1YXJ0LmljY2EtcmVpbXMuZnJcL3dwLWNvbnRlbnRcL3VwbG9hZHNcL2VkdWNuYXQuanBnIiwic2xpZGVzaG93IjoiYjY0MTgxZSJ9\" data-elementor-lightbox-video=\"https:\/\/www.youtube.com\/embed\/UiZHPR1k1fk?feature=oembed&amp;autoplay=1&amp;rel=0&amp;controls=0\">\t\t<div class=\"elementor-carousel-image\" role=\"img\" aria-label=\"educnat\" style=\"background-image: url(&#039;https:\/\/agathe-huart.icca-reims.fr\/wp-content\/uploads\/educnat.jpg&#039;)\">\n\n\t\t\t\n\t\t\t\t\t\t\t<div class=\"elementor-custom-embed-play\">\n\t\t\t\t\t<svg aria-hidden=\"true\" class=\"e-font-icon-svg e-eicon-play\" viewBox=\"0 0 1000 1000\" xmlns=\"http:\/\/www.w3.org\/2000\/svg\"><path d=\"M838 162C746 71 633 25 500 25 371 25 258 71 163 162 71 254 25 367 25 500 25 633 71 746 163 837 254 929 367 979 500 979 633 979 746 933 838 837 929 746 975 633 975 500 975 367 929 254 838 162M808 192C892 279 933 379 933 500 933 621 892 725 808 808 725 892 621 938 500 938 379 938 279 896 196 808 113 725 67 621 67 500 67 379 108 279 196 192 279 108 383 62 500 62 621 62 721 108 808 192M438 392V642L642 517 438 392Z\"><\/path><\/svg>\t\t\t\t\t<span class=\"elementor-screen-only\">Lire<\/span>\n\t\t\t\t<\/div>\n\t\t\t\t\t<\/div>\n\t\t<\/a>\t\t\t\t\t\t<\/div>\n\t\t\t\t\t\t\t\t\t\t\t<div class=\"swiper-slide\" role=\"group\" aria-roledescription=\"slide\">\n\t\t\t\t\t\t\t<a href=\"https:\/\/agathe-huart.icca-reims.fr\/wp-content\/uploads\/femme-violence.jpg\" data-elementor-open-lightbox=\"yes\" data-elementor-lightbox-slideshow=\"b64181e\" data-elementor-lightbox-title=\"femme-violence\" data-e-action-hash=\"#elementor-action%3Aaction%3Dlightbox%26settings%3DeyJpZCI6NDgwLCJ1cmwiOiJodHRwczpcL1wvYWdhdGhlLWh1YXJ0LmljY2EtcmVpbXMuZnJcL3dwLWNvbnRlbnRcL3VwbG9hZHNcL2ZlbW1lLXZpb2xlbmNlLmpwZyIsInNsaWRlc2hvdyI6ImI2NDE4MWUifQ%3D%3D\" data-elementor-lightbox-video=\"https:\/\/www.youtube.com\/embed\/1VF_YnKKtWY?feature=oembed&amp;autoplay=1&amp;rel=0&amp;controls=0\">\t\t<div class=\"elementor-carousel-image\" role=\"img\" aria-label=\"femme-violence\" style=\"background-image: url(&#039;https:\/\/agathe-huart.icca-reims.fr\/wp-content\/uploads\/femme-violence.jpg&#039;)\">\n\n\t\t\t\n\t\t\t\t\t\t\t<div class=\"elementor-custom-embed-play\">\n\t\t\t\t\t<svg aria-hidden=\"true\" class=\"e-font-icon-svg e-eicon-play\" viewBox=\"0 0 1000 1000\" xmlns=\"http:\/\/www.w3.org\/2000\/svg\"><path d=\"M838 162C746 71 633 25 500 25 371 25 258 71 163 162 71 254 25 367 25 500 25 633 71 746 163 837 254 929 367 979 500 979 633 979 746 933 838 837 929 746 975 633 975 500 975 367 929 254 838 162M808 192C892 279 933 379 933 500 933 621 892 725 808 808 725 892 621 938 500 938 379 938 279 896 196 808 113 725 67 621 67 500 67 379 108 279 196 192 279 108 383 62 500 62 621 62 721 108 808 192M438 392V642L642 517 438 392Z\"><\/path><\/svg>\t\t\t\t\t<span class=\"elementor-screen-only\">Lire<\/span>\n\t\t\t\t<\/div>\n\t\t\t\t\t<\/div>\n\t\t<\/a>\t\t\t\t\t\t<\/div>\n\t\t\t\t\t\t\t\t\t<\/div>\n\t\t\t\t\t\t\t\t\t\t\t\t\t\t\t<div class=\"elementor-swiper-button elementor-swiper-button-prev\" role=\"button\" tabindex=\"0\" aria-label=\"Pr\u00e9c\u00e9dent\">\n\t\t\t\t\t\t\t<svg aria-hidden=\"true\" class=\"e-font-icon-svg e-eicon-chevron-left\" viewBox=\"0 0 1000 1000\" xmlns=\"http:\/\/www.w3.org\/2000\/svg\"><path d=\"M646 125C629 125 613 133 604 142L308 442C296 454 292 471 292 487 292 504 296 521 308 533L604 854C617 867 629 875 646 875 663 875 679 871 692 858 704 846 713 829 713 812 713 796 708 779 692 767L438 487 692 225C700 217 708 204 708 187 708 171 704 154 692 142 675 129 663 125 646 125Z\"><\/path><\/svg>\t\t\t\t\t\t<\/div>\n\t\t\t\t\t\t<div class=\"elementor-swiper-button elementor-swiper-button-next\" role=\"button\" tabindex=\"0\" aria-label=\"Suivant\">\n\t\t\t\t\t\t\t<svg aria-hidden=\"true\" class=\"e-font-icon-svg e-eicon-chevron-right\" viewBox=\"0 0 1000 1000\" xmlns=\"http:\/\/www.w3.org\/2000\/svg\"><path d=\"M696 533C708 521 713 504 713 487 713 471 708 454 696 446L400 146C388 133 375 125 354 125 338 125 325 129 313 142 300 154 292 171 292 187 292 204 296 221 308 233L563 492 304 771C292 783 288 800 288 817 288 833 296 850 308 863 321 871 338 875 354 875 371 875 388 867 400 854L696 533Z\"><\/path><\/svg>\t\t\t\t\t\t<\/div>\n\t\t\t\t\t\t\t\t\t\t\t\t\t\t\t\t<div class=\"swiper-pagination\"><\/div>\n\t\t\t\t\t\t\t\t\t\t\t\t<\/div>\n\t\t\t\t<\/div>\n\t\t\t\t\t\t\t\t<\/div>\n\t\t\t\t<\/div>\n\t\t\t\t\t<\/div>\n\t\t\t\t<\/div>\n\t\t\t\t<\/div>\n\t\t","protected":false},"excerpt":{"rendered":"<p>#8MARS Journ\u00e9e internationale des droits des femmes \u2014 Pr\u00e9fecture des Ardennes \u00c0 l\u2019occasion de la Journ\u00e9e internationale des droits des femmes, la pr\u00e9fecture des Ardennes a souhait\u00e9 mettre en lumi\u00e8re l\u2019engagement quotidien des actrices locales \u0153uvrant pour l\u2019\u00e9galit\u00e9. Sant\u00e9, emploi, \u00e9ducation, acc\u00e8s aux droits ou s\u00e9curit\u00e9 : chaque jour, des femmes dirigeantes font progresser les [&hellip;]<\/p>\n","protected":false},"author":1,"featured_media":0,"parent":0,"menu_order":0,"comment_status":"closed","ping_status":"closed","template":"","meta":{"footnotes":""},"folder":[],"class_list":["post-34","page","type-page","status-publish","hentry"],"_links":{"self":[{"href":"https:\/\/agathe-huart.icca-reims.fr\/index.php?rest_route=\/wp\/v2\/pages\/34","targetHints":{"allow":["GET"]}}],"collection":[{"href":"https:\/\/agathe-huart.icca-reims.fr\/index.php?rest_route=\/wp\/v2\/pages"}],"about":[{"href":"https:\/\/agathe-huart.icca-reims.fr\/index.php?rest_route=\/wp\/v2\/types\/page"}],"author":[{"embeddable":true,"href":"https:\/\/agathe-huart.icca-reims.fr\/index.php?rest_route=\/wp\/v2\/users\/1"}],"replies":[{"embeddable":true,"href":"https:\/\/agathe-huart.icca-reims.fr\/index.php?rest_route=%2Fwp%2Fv2%2Fcomments&post=34"}],"version-history":[{"count":19,"href":"https:\/\/agathe-huart.icca-reims.fr\/index.php?rest_route=\/wp\/v2\/pages\/34\/revisions"}],"predecessor-version":[{"id":506,"href":"https:\/\/agathe-huart.icca-reims.fr\/index.php?rest_route=\/wp\/v2\/pages\/34\/revisions\/506"}],"wp:attachment":[{"href":"https:\/\/agathe-huart.icca-reims.fr\/index.php?rest_route=%2Fwp%2Fv2%2Fmedia&parent=34"}],"wp:term":[{"taxonomy":"folder","embeddable":true,"href":"https:\/\/agathe-huart.icca-reims.fr\/index.php?rest_route=%2Fwp%2Fv2%2Ffolder&post=34"}],"curies":[{"name":"wp","href":"https:\/\/api.w.org\/{rel}","templated":true}]}}