{"id":30,"date":"2025-05-09T07:29:14","date_gmt":"2025-05-09T07:29:14","guid":{"rendered":"https:\/\/agathe-huart.icca-reims.fr\/?page_id=30"},"modified":"2025-06-13T12:46:44","modified_gmt":"2025-06-13T12:46:44","slug":"print","status":"publish","type":"page","link":"https:\/\/agathe-huart.icca-reims.fr\/?page_id=30","title":{"rendered":"Print"},"content":{"rendered":"\t\t<div data-elementor-type=\"wp-page\" data-elementor-id=\"30\" class=\"elementor elementor-30\" data-elementor-post-type=\"page\">\n\t\t\t\t<div class=\"elementor-element elementor-element-d750f85 e-flex e-con-boxed e-con e-parent\" data-id=\"d750f85\" data-element_type=\"container\" data-settings=\"{&quot;background_background&quot;:&quot;classic&quot;}\">\n\t\t\t\t\t<div class=\"e-con-inner\">\n\t\t<div class=\"elementor-element elementor-element-e06ddee e-grid e-con-full e-con e-child\" data-id=\"e06ddee\" data-element_type=\"container\">\n\t\t\t\t<div class=\"elementor-element elementor-element-ea3c7c9 elementor-widget elementor-widget-image\" data-id=\"ea3c7c9\" data-element_type=\"widget\" data-widget_type=\"image.default\">\n\t\t\t\t<div class=\"elementor-widget-container\">\n\t\t\t\t\t\t\t\t\t\t\t\t\t\t\t\t<a href=\"https:\/\/agathe-huart.icca-reims.fr\/wp-content\/uploads\/Scene-4.jpg\" data-elementor-open-lightbox=\"yes\" data-elementor-lightbox-title=\"Scene-4\" data-e-action-hash=\"#elementor-action%3Aaction%3Dlightbox%26settings%3DeyJpZCI6NDAxLCJ1cmwiOiJodHRwczpcL1wvYWdhdGhlLWh1YXJ0LmljY2EtcmVpbXMuZnJcL3dwLWNvbnRlbnRcL3VwbG9hZHNcL1NjZW5lLTQuanBnIn0%3D\">\n\t\t\t\t\t\t\t<img fetchpriority=\"high\" decoding=\"async\" width=\"800\" height=\"534\" src=\"https:\/\/agathe-huart.icca-reims.fr\/wp-content\/uploads\/Scene-4.jpg\" class=\"attachment-large size-large wp-image-401\" alt=\"\" srcset=\"https:\/\/agathe-huart.icca-reims.fr\/wp-content\/uploads\/Scene-4.jpg 1000w, https:\/\/agathe-huart.icca-reims.fr\/wp-content\/uploads\/Scene-4-300x200.jpg 300w, https:\/\/agathe-huart.icca-reims.fr\/wp-content\/uploads\/Scene-4-768x512.jpg 768w\" sizes=\"(max-width: 800px) 100vw, 800px\" \/>\t\t\t\t\t\t\t\t<\/a>\n\t\t\t\t\t\t\t\t\t\t\t\t\t\t\t<\/div>\n\t\t\t\t<\/div>\n\t\t<div class=\"elementor-element elementor-element-f3b1eb0 e-con-full e-flex e-con e-child\" data-id=\"f3b1eb0\" data-element_type=\"container\">\n\t\t\t\t<div class=\"elementor-element elementor-element-0cd7da4 elementor-widget elementor-widget-heading\" data-id=\"0cd7da4\" data-element_type=\"widget\" data-widget_type=\"heading.default\">\n\t\t\t\t<div class=\"elementor-widget-container\">\n\t\t\t\t\t<h2 class=\"elementor-heading-title elementor-size-default\">Carte de voeux<\/h2>\t\t\t\t<\/div>\n\t\t\t\t<\/div>\n\t\t\t\t<div class=\"elementor-element elementor-element-4b4e678 elementor-widget elementor-widget-text-editor\" data-id=\"4b4e678\" data-element_type=\"widget\" data-widget_type=\"text-editor.default\">\n\t\t\t\t<div class=\"elementor-widget-container\">\n\t\t\t\t\t\t\t\t\t<p class=\"p1\">Cette carte de v\u0153ux, con\u00e7ue pour l\u2019ann\u00e9e 2025, a \u00e9t\u00e9 envoy\u00e9e \u00e0 toutes les sous-pr\u00e9fectures des Ardennes. Chaque \u00e9l\u00e9ment graphique repr\u00e9sente une sous-pr\u00e9fecture, tandis que le bleu, blanc et rouge rappellent les couleurs du drapeau fran\u00e7ais. Au verso, la marionnette fait un clin d\u2019\u0153il au prochain festival des marionnettes, pr\u00e9vu en septembre.<\/p>\t\t\t\t\t\t\t\t<\/div>\n\t\t\t\t<\/div>\n\t\t\t\t<\/div>\n\t\t\t\t<\/div>\n\t\t\t\t\t<\/div>\n\t\t\t\t<\/div>\n\t\t<div class=\"elementor-element elementor-element-63690de e-flex e-con-boxed e-con e-parent\" data-id=\"63690de\" data-element_type=\"container\" data-settings=\"{&quot;background_background&quot;:&quot;classic&quot;}\">\n\t\t\t\t\t<div class=\"e-con-inner\">\n\t\t<div class=\"elementor-element elementor-element-22363a5 e-grid e-con-full e-con e-child\" data-id=\"22363a5\" data-element_type=\"container\">\n\t\t<div class=\"elementor-element elementor-element-955aae7 e-con-full e-flex e-con e-child\" data-id=\"955aae7\" data-element_type=\"container\">\n\t\t\t\t<div class=\"elementor-element elementor-element-b79cf67 elementor-widget elementor-widget-heading\" data-id=\"b79cf67\" data-element_type=\"widget\" data-widget_type=\"heading.default\">\n\t\t\t\t<div class=\"elementor-widget-container\">\n\t\t\t\t\t<h2 class=\"elementor-heading-title elementor-size-default\">la coiffe<\/h2>\t\t\t\t<\/div>\n\t\t\t\t<\/div>\n\t\t\t\t<div class=\"elementor-element elementor-element-5875611 elementor-widget elementor-widget-text-editor\" data-id=\"5875611\" data-element_type=\"widget\" data-widget_type=\"text-editor.default\">\n\t\t\t\t<div class=\"elementor-widget-container\">\n\t\t\t\t\t\t\t\t\t<p data-start=\"93\" data-end=\"165\"><strong data-start=\"93\" data-end=\"165\">Campagne publicitaire \u00ab D\u00e9shabillez-moi \u00bb \u2013 Lancement de <em data-start=\"152\" data-end=\"163\">La Coiffe<\/em><\/strong><\/p><p data-start=\"167\" data-end=\"356\">\u00c0 l\u2019occasion du lancement de <em data-start=\"196\" data-end=\"207\">La Coiffe<\/em>, entreprise sp\u00e9cialis\u00e9e dans la fabrication de coiffes de surbouchage, une campagne audacieuse et \u00e9l\u00e9gante a \u00e9t\u00e9 imagin\u00e9e : <strong data-start=\"332\" data-end=\"355\">\u00ab D\u00e9shabillez-moi \u00bb<\/strong>.<\/p><p data-start=\"358\" data-end=\"651\">Ce slogan, \u00e0 la fois \u00e9vocateur et raffin\u00e9, joue sur l\u2019acte de d\u00e9voilement celui d\u2019\u00f4ter la coiffe pour r\u00e9v\u00e9ler le flacon, mais aussi celui de d\u00e9couvrir un savoir-faire d\u2019exception. Il interpelle les maisons de champagne en leur proposant une collaboration autour de l\u2019excellence et du d\u00e9tail.<\/p><p data-start=\"653\" data-end=\"924\">En mettant en sc\u00e8ne ce geste symbolique, la campagne valorise l\u2019importance du surbouchage dans l\u2019exp\u00e9rience sensorielle du champagne. Elle invite \u00e0 porter un nouveau regard sur cet \u00e9l\u00e9ment souvent discret mais essentiel, reflet de tradition, de pr\u00e9cision et d\u2019innovation.<\/p><p data-start=\"926\" data-end=\"1039\">Par cette approche cr\u00e9ative, <em data-start=\"955\" data-end=\"966\">La Coiffe<\/em> affirme son ambition : sublimer chaque bouteille, d\u00e8s le premier regard.<\/p>\t\t\t\t\t\t\t\t<\/div>\n\t\t\t\t<\/div>\n\t\t\t\t<\/div>\n\t\t\t\t<div class=\"elementor-element elementor-element-ecef452 elementor-widget elementor-widget-image\" data-id=\"ecef452\" data-element_type=\"widget\" data-widget_type=\"image.default\">\n\t\t\t\t<div class=\"elementor-widget-container\">\n\t\t\t\t\t\t\t\t\t\t\t\t\t\t\t\t<a href=\"https:\/\/agathe-huart.icca-reims.fr\/wp-content\/uploads\/coiffe.jpg\" data-elementor-open-lightbox=\"yes\" data-elementor-lightbox-title=\"coiffe\" data-e-action-hash=\"#elementor-action%3Aaction%3Dlightbox%26settings%3DeyJpZCI6NDk0LCJ1cmwiOiJodHRwczpcL1wvYWdhdGhlLWh1YXJ0LmljY2EtcmVpbXMuZnJcL3dwLWNvbnRlbnRcL3VwbG9hZHNcL2NvaWZmZS5qcGcifQ%3D%3D\">\n\t\t\t\t\t\t\t<img decoding=\"async\" width=\"1000\" height=\"427\" src=\"https:\/\/agathe-huart.icca-reims.fr\/wp-content\/uploads\/coiffe.jpg\" class=\"attachment-full size-full wp-image-494\" alt=\"\" srcset=\"https:\/\/agathe-huart.icca-reims.fr\/wp-content\/uploads\/coiffe.jpg 1000w, https:\/\/agathe-huart.icca-reims.fr\/wp-content\/uploads\/coiffe-300x128.jpg 300w, https:\/\/agathe-huart.icca-reims.fr\/wp-content\/uploads\/coiffe-768x328.jpg 768w\" sizes=\"(max-width: 1000px) 100vw, 1000px\" \/>\t\t\t\t\t\t\t\t<\/a>\n\t\t\t\t\t\t\t\t\t\t\t\t\t\t\t<\/div>\n\t\t\t\t<\/div>\n\t\t\t\t<\/div>\n\t\t\t\t\t<\/div>\n\t\t\t\t<\/div>\n\t\t<div class=\"elementor-element elementor-element-46c91e2 e-flex e-con-boxed e-con e-parent\" data-id=\"46c91e2\" data-element_type=\"container\" data-settings=\"{&quot;background_background&quot;:&quot;classic&quot;}\">\n\t\t\t\t\t<div class=\"e-con-inner\">\n\t\t<div class=\"elementor-element elementor-element-6fe30bc e-con-full e-flex e-con e-child\" data-id=\"6fe30bc\" data-element_type=\"container\">\n\t\t\t\t<div class=\"elementor-element elementor-element-a10bff7 elementor-widget elementor-widget-text-editor\" data-id=\"a10bff7\" data-element_type=\"widget\" data-widget_type=\"text-editor.default\">\n\t\t\t\t<div class=\"elementor-widget-container\">\n\t\t\t\t\t\t\t\t\t<p data-start=\"70\" data-end=\"88\"><strong data-start=\"70\" data-end=\"88\">Concept visuel<\/strong><\/p><p data-start=\"90\" data-end=\"298\">Inspir\u00e9 des enseignes parisiennes, le cadre graphique \u00e9voque convivialit\u00e9 et intemporalit\u00e9, en lien avec l\u2019esprit \u00ab bistronomie \u00bb. Une typographie artisanale et d\u00e9form\u00e9e refl\u00e8te l\u2019authenticit\u00e9 du fait-maison.<\/p><p data-start=\"300\" data-end=\"465\">La palette de couleurs cr\u00e9e une ambiance chaleureuse : rose p\u00e2le pour les biscuits de Reims, beige champagne pour l\u2019\u00e9l\u00e9gance des vins, rouge profond pour la passion.<\/p><p data-start=\"467\" data-end=\"630\">Des \u00e9l\u00e9ments comme les couverts et la grappe de raisin symbolisent la convivialit\u00e9, la qualit\u00e9 culinaire et le patrimoine viticole, alliant tradition et modernit\u00e9.<\/p>\t\t\t\t\t\t\t\t<\/div>\n\t\t\t\t<\/div>\n\t\t\t\t<div class=\"elementor-element elementor-element-15bd20e elementor-widget elementor-widget-heading\" data-id=\"15bd20e\" data-element_type=\"widget\" data-widget_type=\"heading.default\">\n\t\t\t\t<div class=\"elementor-widget-container\">\n\t\t\t\t\t<h2 class=\"elementor-heading-title elementor-size-default\">Frida khalo<\/h2>\t\t\t\t<\/div>\n\t\t\t\t<\/div>\n\t\t\t\t<\/div>\n\t\t<div class=\"elementor-element elementor-element-dffa7e0 e-con-full e-flex e-con e-child\" data-id=\"dffa7e0\" data-element_type=\"container\">\n\t\t\t\t<div class=\"elementor-element elementor-element-d47d3b3 elementor-arrows-position-inside elementor-pagination-position-outside elementor-widget elementor-widget-image-carousel\" data-id=\"d47d3b3\" data-element_type=\"widget\" data-settings=\"{&quot;slides_to_show&quot;:&quot;1&quot;,&quot;navigation&quot;:&quot;both&quot;,&quot;autoplay&quot;:&quot;yes&quot;,&quot;pause_on_hover&quot;:&quot;yes&quot;,&quot;pause_on_interaction&quot;:&quot;yes&quot;,&quot;autoplay_speed&quot;:5000,&quot;infinite&quot;:&quot;yes&quot;,&quot;effect&quot;:&quot;slide&quot;,&quot;speed&quot;:500}\" data-widget_type=\"image-carousel.default\">\n\t\t\t\t<div class=\"elementor-widget-container\">\n\t\t\t\t\t\t\t<div class=\"elementor-image-carousel-wrapper swiper\" role=\"region\" aria-roledescription=\"carousel\" aria-label=\"Carrousel d\u2019images\" dir=\"ltr\">\n\t\t\t<div class=\"elementor-image-carousel swiper-wrapper\" aria-live=\"off\">\n\t\t\t\t\t\t\t\t<div class=\"swiper-slide\" role=\"group\" aria-roledescription=\"slide\" aria-label=\"1 sur 17\"><figure class=\"swiper-slide-inner\"><img decoding=\"async\" class=\"swiper-slide-image\" src=\"https:\/\/agathe-huart.icca-reims.fr\/wp-content\/uploads\/FRIDA-kahlo-1.jpg\" alt=\"FRIDA kahlo\" \/><\/figure><\/div><div class=\"swiper-slide\" role=\"group\" aria-roledescription=\"slide\" aria-label=\"2 sur 17\"><figure class=\"swiper-slide-inner\"><img decoding=\"async\" class=\"swiper-slide-image\" src=\"https:\/\/agathe-huart.icca-reims.fr\/wp-content\/uploads\/FRIDA-kahlo2-1.jpg\" alt=\"FRIDA kahlo2\" \/><\/figure><\/div><div class=\"swiper-slide\" role=\"group\" aria-roledescription=\"slide\" aria-label=\"3 sur 17\"><figure class=\"swiper-slide-inner\"><img decoding=\"async\" class=\"swiper-slide-image\" src=\"https:\/\/agathe-huart.icca-reims.fr\/wp-content\/uploads\/FRIDA-kahlo3-1.jpg\" alt=\"FRIDA kahlo3\" \/><\/figure><\/div><div class=\"swiper-slide\" role=\"group\" aria-roledescription=\"slide\" aria-label=\"4 sur 17\"><figure class=\"swiper-slide-inner\"><img decoding=\"async\" class=\"swiper-slide-image\" src=\"https:\/\/agathe-huart.icca-reims.fr\/wp-content\/uploads\/FRIDA-kahlo4-1.jpg\" alt=\"FRIDA kahlo4\" \/><\/figure><\/div><div class=\"swiper-slide\" role=\"group\" aria-roledescription=\"slide\" aria-label=\"5 sur 17\"><figure class=\"swiper-slide-inner\"><img decoding=\"async\" class=\"swiper-slide-image\" src=\"https:\/\/agathe-huart.icca-reims.fr\/wp-content\/uploads\/FRIDA-kahlo5-1.jpg\" alt=\"FRIDA kahlo5\" \/><\/figure><\/div><div class=\"swiper-slide\" role=\"group\" aria-roledescription=\"slide\" aria-label=\"6 sur 17\"><figure class=\"swiper-slide-inner\"><img decoding=\"async\" class=\"swiper-slide-image\" src=\"https:\/\/agathe-huart.icca-reims.fr\/wp-content\/uploads\/FRIDA-kahlo6-1.jpg\" alt=\"FRIDA kahlo6\" \/><\/figure><\/div><div class=\"swiper-slide\" role=\"group\" aria-roledescription=\"slide\" aria-label=\"7 sur 17\"><figure class=\"swiper-slide-inner\"><img decoding=\"async\" class=\"swiper-slide-image\" src=\"https:\/\/agathe-huart.icca-reims.fr\/wp-content\/uploads\/FRIDA-kahlo7-1.jpg\" alt=\"FRIDA kahlo7\" \/><\/figure><\/div><div class=\"swiper-slide\" role=\"group\" aria-roledescription=\"slide\" aria-label=\"8 sur 17\"><figure class=\"swiper-slide-inner\"><img decoding=\"async\" class=\"swiper-slide-image\" src=\"https:\/\/agathe-huart.icca-reims.fr\/wp-content\/uploads\/FRIDA-kahlo8-1.jpg\" alt=\"FRIDA kahlo8\" \/><\/figure><\/div><div class=\"swiper-slide\" role=\"group\" aria-roledescription=\"slide\" aria-label=\"9 sur 17\"><figure class=\"swiper-slide-inner\"><img decoding=\"async\" class=\"swiper-slide-image\" src=\"https:\/\/agathe-huart.icca-reims.fr\/wp-content\/uploads\/FRIDA-kahlo9-1.jpg\" alt=\"FRIDA kahlo9\" \/><\/figure><\/div><div class=\"swiper-slide\" role=\"group\" aria-roledescription=\"slide\" aria-label=\"10 sur 17\"><figure class=\"swiper-slide-inner\"><img decoding=\"async\" class=\"swiper-slide-image\" src=\"https:\/\/agathe-huart.icca-reims.fr\/wp-content\/uploads\/FRIDA-kahlo10.jpg\" alt=\"FRIDA kahlo10\" \/><\/figure><\/div><div class=\"swiper-slide\" role=\"group\" aria-roledescription=\"slide\" aria-label=\"11 sur 17\"><figure class=\"swiper-slide-inner\"><img decoding=\"async\" class=\"swiper-slide-image\" src=\"https:\/\/agathe-huart.icca-reims.fr\/wp-content\/uploads\/FRIDA-kahlo11.jpg\" alt=\"FRIDA kahlo11\" \/><\/figure><\/div><div class=\"swiper-slide\" role=\"group\" aria-roledescription=\"slide\" aria-label=\"12 sur 17\"><figure class=\"swiper-slide-inner\"><img decoding=\"async\" class=\"swiper-slide-image\" src=\"https:\/\/agathe-huart.icca-reims.fr\/wp-content\/uploads\/FRIDA-kahlo12.jpg\" alt=\"FRIDA kahlo12\" \/><\/figure><\/div><div class=\"swiper-slide\" role=\"group\" aria-roledescription=\"slide\" aria-label=\"13 sur 17\"><figure class=\"swiper-slide-inner\"><img decoding=\"async\" class=\"swiper-slide-image\" src=\"https:\/\/agathe-huart.icca-reims.fr\/wp-content\/uploads\/FRIDA-kahlo13.jpg\" alt=\"FRIDA kahlo13\" \/><\/figure><\/div><div class=\"swiper-slide\" role=\"group\" aria-roledescription=\"slide\" aria-label=\"14 sur 17\"><figure class=\"swiper-slide-inner\"><img decoding=\"async\" class=\"swiper-slide-image\" src=\"https:\/\/agathe-huart.icca-reims.fr\/wp-content\/uploads\/FRIDA-kahlo14.jpg\" alt=\"FRIDA kahlo14\" \/><\/figure><\/div><div class=\"swiper-slide\" role=\"group\" aria-roledescription=\"slide\" aria-label=\"15 sur 17\"><figure class=\"swiper-slide-inner\"><img decoding=\"async\" class=\"swiper-slide-image\" src=\"https:\/\/agathe-huart.icca-reims.fr\/wp-content\/uploads\/FRIDA-kahlo15.jpg\" alt=\"FRIDA kahlo15\" \/><\/figure><\/div><div class=\"swiper-slide\" role=\"group\" aria-roledescription=\"slide\" aria-label=\"16 sur 17\"><figure class=\"swiper-slide-inner\"><img decoding=\"async\" class=\"swiper-slide-image\" src=\"https:\/\/agathe-huart.icca-reims.fr\/wp-content\/uploads\/FRIDA-kahlo16.jpg\" alt=\"FRIDA kahlo16\" \/><\/figure><\/div><div class=\"swiper-slide\" role=\"group\" aria-roledescription=\"slide\" aria-label=\"17 sur 17\"><figure class=\"swiper-slide-inner\"><img decoding=\"async\" class=\"swiper-slide-image\" src=\"https:\/\/agathe-huart.icca-reims.fr\/wp-content\/uploads\/Sans-titre-1-768x912.jpg\" alt=\"Sans-titre-1\" \/><\/figure><\/div>\t\t\t<\/div>\n\t\t\t\t\t\t\t\t\t\t\t\t<div class=\"elementor-swiper-button elementor-swiper-button-prev\" role=\"button\" tabindex=\"0\">\n\t\t\t\t\t\t<svg aria-hidden=\"true\" class=\"e-font-icon-svg e-eicon-chevron-left\" viewBox=\"0 0 1000 1000\" xmlns=\"http:\/\/www.w3.org\/2000\/svg\"><path d=\"M646 125C629 125 613 133 604 142L308 442C296 454 292 471 292 487 292 504 296 521 308 533L604 854C617 867 629 875 646 875 663 875 679 871 692 858 704 846 713 829 713 812 713 796 708 779 692 767L438 487 692 225C700 217 708 204 708 187 708 171 704 154 692 142 675 129 663 125 646 125Z\"><\/path><\/svg>\t\t\t\t\t<\/div>\n\t\t\t\t\t<div class=\"elementor-swiper-button elementor-swiper-button-next\" role=\"button\" tabindex=\"0\">\n\t\t\t\t\t\t<svg aria-hidden=\"true\" class=\"e-font-icon-svg e-eicon-chevron-right\" viewBox=\"0 0 1000 1000\" xmlns=\"http:\/\/www.w3.org\/2000\/svg\"><path d=\"M696 533C708 521 713 504 713 487 713 471 708 454 696 446L400 146C388 133 375 125 354 125 338 125 325 129 313 142 300 154 292 171 292 187 292 204 296 221 308 233L563 492 304 771C292 783 288 800 288 817 288 833 296 850 308 863 321 871 338 875 354 875 371 875 388 867 400 854L696 533Z\"><\/path><\/svg>\t\t\t\t\t<\/div>\n\t\t\t\t\n\t\t\t\t\t\t\t\t\t<div class=\"swiper-pagination\"><\/div>\n\t\t\t\t\t\t\t\t\t<\/div>\n\t\t\t\t\t\t<\/div>\n\t\t\t\t<\/div>\n\t\t\t\t<\/div>\n\t\t\t\t\t<\/div>\n\t\t\t\t<\/div>\n\t\t<div class=\"elementor-element elementor-element-ab37de2 e-flex e-con-boxed e-con e-parent\" data-id=\"ab37de2\" data-element_type=\"container\">\n\t\t\t\t\t<div class=\"e-con-inner\">\n\t\t\t\t<div class=\"elementor-element elementor-element-28d4a45 elementor-widget elementor-widget-spacer\" data-id=\"28d4a45\" data-element_type=\"widget\" data-widget_type=\"spacer.default\">\n\t\t\t\t<div class=\"elementor-widget-container\">\n\t\t\t\t\t\t\t<div class=\"elementor-spacer\">\n\t\t\t<div class=\"elementor-spacer-inner\"><\/div>\n\t\t<\/div>\n\t\t\t\t\t\t<\/div>\n\t\t\t\t<\/div>\n\t\t\t\t\t<\/div>\n\t\t\t\t<\/div>\n\t\t\t\t<\/div>\n\t\t","protected":false},"excerpt":{"rendered":"<p>Carte de voeux Cette carte de v\u0153ux, con\u00e7ue pour l\u2019ann\u00e9e 2025, a \u00e9t\u00e9 envoy\u00e9e \u00e0 toutes les sous-pr\u00e9fectures des Ardennes. Chaque \u00e9l\u00e9ment graphique repr\u00e9sente une sous-pr\u00e9fecture, tandis que le bleu, blanc et rouge rappellent les couleurs du drapeau fran\u00e7ais. Au verso, la marionnette fait un clin d\u2019\u0153il au prochain festival des marionnettes, pr\u00e9vu en septembre. [&hellip;]<\/p>\n","protected":false},"author":1,"featured_media":0,"parent":0,"menu_order":0,"comment_status":"closed","ping_status":"closed","template":"","meta":{"footnotes":""},"folder":[],"class_list":["post-30","page","type-page","status-publish","hentry"],"_links":{"self":[{"href":"https:\/\/agathe-huart.icca-reims.fr\/index.php?rest_route=\/wp\/v2\/pages\/30","targetHints":{"allow":["GET"]}}],"collection":[{"href":"https:\/\/agathe-huart.icca-reims.fr\/index.php?rest_route=\/wp\/v2\/pages"}],"about":[{"href":"https:\/\/agathe-huart.icca-reims.fr\/index.php?rest_route=\/wp\/v2\/types\/page"}],"author":[{"embeddable":true,"href":"https:\/\/agathe-huart.icca-reims.fr\/index.php?rest_route=\/wp\/v2\/users\/1"}],"replies":[{"embeddable":true,"href":"https:\/\/agathe-huart.icca-reims.fr\/index.php?rest_route=%2Fwp%2Fv2%2Fcomments&post=30"}],"version-history":[{"count":43,"href":"https:\/\/agathe-huart.icca-reims.fr\/index.php?rest_route=\/wp\/v2\/pages\/30\/revisions"}],"predecessor-version":[{"id":550,"href":"https:\/\/agathe-huart.icca-reims.fr\/index.php?rest_route=\/wp\/v2\/pages\/30\/revisions\/550"}],"wp:attachment":[{"href":"https:\/\/agathe-huart.icca-reims.fr\/index.php?rest_route=%2Fwp%2Fv2%2Fmedia&parent=30"}],"wp:term":[{"taxonomy":"folder","embeddable":true,"href":"https:\/\/agathe-huart.icca-reims.fr\/index.php?rest_route=%2Fwp%2Fv2%2Ffolder&post=30"}],"curies":[{"name":"wp","href":"https:\/\/api.w.org\/{rel}","templated":true}]}}